{"id":13890,"date":"2025-12-02T22:31:00","date_gmt":"2025-12-02T22:31:00","guid":{"rendered":"https:\/\/www.francoise-nielly.com\/?post_type=product&#038;p=13890"},"modified":"2025-12-03T15:26:38","modified_gmt":"2025-12-03T15:26:38","slug":"catalina-3","status":"publish","type":"product","link":"https:\/\/www.francoise-nielly.com\/en\/product\/catalina-3\/","title":{"rendered":"CATALINA"},"content":{"rendered":"<p>Tirage photographique r\u00e9alis\u00e9 sur papier premium.<\/p>\n<p>L\u2019\u0153uvre est contre-coll\u00e9e sous plexiglas transparent de 3 mm, offrant une protection durable et une excellente restitution des couleurs.<\/p>\n<p>Un ch\u00e2ssis aluminium est fix\u00e9 au dos pour garantir la rigidit\u00e9 et la stabilit\u00e9 de l\u2019ensemble.<\/p>\n","protected":false},"excerpt":{"rendered":"<p>Tirage photographique r\u00e9alis\u00e9 sur papier premium. L\u2019\u0153uvre est contre-coll\u00e9e sous plexiglas transparent de 3 mm, offrant une protection durable et une excellente restitution des couleurs. Un ch\u00e2ssis aluminium est fix\u00e9 au dos pour garantir la rigidit\u00e9 et la stabilit\u00e9 de l\u2019ensemble.<\/p>\n","protected":false},"featured_media":4958,"template":"","meta":{"_acf_changed":false},"product_brand":[],"product_cat":[109],"product_tag":[],"class_list":{"0":"post-13890","1":"product","2":"type-product","3":"status-publish","4":"has-post-thumbnail","6":"product_cat-tirage-fine-art-sur-dibond","7":"product_shipping_class-plexiglas","9":"first","10":"instock","11":"taxable","12":"shipping-taxable","13":"purchasable","14":"product-type-variable","15":"add-to-wishlist-before_image"},"acf":[],"jetpack_sharing_enabled":true,"_links":{"self":[{"href":"https:\/\/www.francoise-nielly.com\/en\/wp-json\/wp\/v2\/product\/13890","targetHints":{"allow":["GET"]}}],"collection":[{"href":"https:\/\/www.francoise-nielly.com\/en\/wp-json\/wp\/v2\/product"}],"about":[{"href":"https:\/\/www.francoise-nielly.com\/en\/wp-json\/wp\/v2\/types\/product"}],"version-history":[{"count":1,"href":"https:\/\/www.francoise-nielly.com\/en\/wp-json\/wp\/v2\/product\/13890\/revisions"}],"predecessor-version":[{"id":13915,"href":"https:\/\/www.francoise-nielly.com\/en\/wp-json\/wp\/v2\/product\/13890\/revisions\/13915"}],"wp:featuredmedia":[{"embeddable":true,"href":"https:\/\/www.francoise-nielly.com\/en\/wp-json\/wp\/v2\/media\/4958"}],"wp:attachment":[{"href":"https:\/\/www.francoise-nielly.com\/en\/wp-json\/wp\/v2\/media?parent=13890"}],"wp:term":[{"taxonomy":"product_brand","embeddable":true,"href":"https:\/\/www.francoise-nielly.com\/en\/wp-json\/wp\/v2\/product_brand?post=13890"},{"taxonomy":"product_cat","embeddable":true,"href":"https:\/\/www.francoise-nielly.com\/en\/wp-json\/wp\/v2\/product_cat?post=13890"},{"taxonomy":"product_tag","embeddable":true,"href":"https:\/\/www.francoise-nielly.com\/en\/wp-json\/wp\/v2\/product_tag?post=13890"}],"curies":[{"name":"wp","href":"https:\/\/api.w.org\/{rel}","templated":true}]}}