{"id":15247,"date":"2025-12-16T11:51:56","date_gmt":"2025-12-16T11:51:56","guid":{"rendered":"https:\/\/www.francoise-nielly.com\/?post_type=product&#038;p=15247"},"modified":"2026-02-25T12:57:27","modified_gmt":"2026-02-25T12:57:27","slug":"kiss-2","status":"publish","type":"product","link":"https:\/\/www.francoise-nielly.com\/en\/product\/kiss-2\/","title":{"rendered":"Kiss"},"content":{"rendered":"<p>Tirage photographique r\u00e9alis\u00e9 sur papier premium.<\/p>\n<p>L\u2019\u0153uvre est contre-coll\u00e9e sous plexiglas transparent de 3 mm, offrant une protection durable et une excellente restitution des couleurs.<\/p>\n<p>Un ch\u00e2ssis aluminium est fix\u00e9 au dos pour garantir la rigidit\u00e9 et la stabilit\u00e9 de l\u2019ensemble.<\/p>\n","protected":false},"excerpt":{"rendered":"<p>Tirage photographique r\u00e9alis\u00e9 sur papier premium. L\u2019\u0153uvre est contre-coll\u00e9e sous plexiglas transparent de 3 mm, offrant une protection durable et une excellente restitution des couleurs. Un ch\u00e2ssis aluminium est fix\u00e9 au dos pour garantir la rigidit\u00e9 et la stabilit\u00e9 de l\u2019ensemble.<\/p>\n","protected":false},"featured_media":12749,"template":"","meta":{"_acf_changed":false},"product_brand":[],"product_cat":[57],"product_tag":[],"class_list":{"0":"post-15247","1":"product","2":"type-product","3":"status-publish","4":"has-post-thumbnail","6":"product_cat-reproduction","8":"first","9":"instock","10":"taxable","11":"shipping-taxable","12":"purchasable","13":"product-type-variable","14":"add-to-wishlist-before_image"},"acf":[],"jetpack_sharing_enabled":true,"_links":{"self":[{"href":"https:\/\/www.francoise-nielly.com\/en\/wp-json\/wp\/v2\/product\/15247","targetHints":{"allow":["GET"]}}],"collection":[{"href":"https:\/\/www.francoise-nielly.com\/en\/wp-json\/wp\/v2\/product"}],"about":[{"href":"https:\/\/www.francoise-nielly.com\/en\/wp-json\/wp\/v2\/types\/product"}],"version-history":[{"count":2,"href":"https:\/\/www.francoise-nielly.com\/en\/wp-json\/wp\/v2\/product\/15247\/revisions"}],"predecessor-version":[{"id":15305,"href":"https:\/\/www.francoise-nielly.com\/en\/wp-json\/wp\/v2\/product\/15247\/revisions\/15305"}],"wp:featuredmedia":[{"embeddable":true,"href":"https:\/\/www.francoise-nielly.com\/en\/wp-json\/wp\/v2\/media\/12749"}],"wp:attachment":[{"href":"https:\/\/www.francoise-nielly.com\/en\/wp-json\/wp\/v2\/media?parent=15247"}],"wp:term":[{"taxonomy":"product_brand","embeddable":true,"href":"https:\/\/www.francoise-nielly.com\/en\/wp-json\/wp\/v2\/product_brand?post=15247"},{"taxonomy":"product_cat","embeddable":true,"href":"https:\/\/www.francoise-nielly.com\/en\/wp-json\/wp\/v2\/product_cat?post=15247"},{"taxonomy":"product_tag","embeddable":true,"href":"https:\/\/www.francoise-nielly.com\/en\/wp-json\/wp\/v2\/product_tag?post=15247"}],"curies":[{"name":"wp","href":"https:\/\/api.w.org\/{rel}","templated":true}]}}