{"id":3528,"date":"2025-06-17T12:08:22","date_gmt":"2025-06-17T12:08:22","guid":{"rendered":"https:\/\/www.francoise-nielly.com\/?post_type=product&#038;p=3528"},"modified":"2026-03-25T15:59:55","modified_gmt":"2026-03-25T15:59:55","slug":"et-alors","status":"publish","type":"product","link":"https:\/\/www.francoise-nielly.com\/en\/product\/et-alors\/","title":{"rendered":"ET ALORS !"},"content":{"rendered":"<p>Reproduction num\u00e9rique de la toile \u00abET ALORS ! \u00bb d&#8217;apr\u00e8s le tableau original de Fran\u00e7oise Nielly, par impression haute d\u00e9finition sur canvas.<\/p>\n<p>S\u00e9rie limit\u00e9e de 25 exemplaires par taille.<\/p>\n<p>Certificat d&#8217;authenticit\u00e9 sign\u00e9 par l&#8217;artiste Fran\u00e7oise Nielly.<\/p>\n<p>Livr\u00e9e roul\u00e9e dans un tube.<\/p>\n","protected":false},"excerpt":{"rendered":"<p>Reproduction num\u00e9rique de la toile \u00abET ALORS ! \u00bb d&#8217;apr\u00e8s le tableau original de Fran\u00e7oise Nielly, par impression haute d\u00e9finition sur canvas. S\u00e9rie limit\u00e9e de 25 exemplaires par taille. Certificat d&#8217;authenticit\u00e9 sign\u00e9 par l&#8217;artiste Fran\u00e7oise Nielly. Livr\u00e9e roul\u00e9e dans un tube.<\/p>\n","protected":false},"featured_media":3530,"template":"","meta":{"_acf_changed":false},"product_brand":[],"product_cat":[57],"product_tag":[],"class_list":{"0":"post-3528","1":"product","2":"type-product","3":"status-publish","4":"has-post-thumbnail","6":"product_cat-reproduction","8":"first","9":"instock","10":"taxable","11":"shipping-taxable","12":"purchasable","13":"product-type-variable","14":"add-to-wishlist-before_image"},"acf":[],"jetpack_sharing_enabled":true,"_links":{"self":[{"href":"https:\/\/www.francoise-nielly.com\/en\/wp-json\/wp\/v2\/product\/3528","targetHints":{"allow":["GET"]}}],"collection":[{"href":"https:\/\/www.francoise-nielly.com\/en\/wp-json\/wp\/v2\/product"}],"about":[{"href":"https:\/\/www.francoise-nielly.com\/en\/wp-json\/wp\/v2\/types\/product"}],"version-history":[{"count":2,"href":"https:\/\/www.francoise-nielly.com\/en\/wp-json\/wp\/v2\/product\/3528\/revisions"}],"predecessor-version":[{"id":12270,"href":"https:\/\/www.francoise-nielly.com\/en\/wp-json\/wp\/v2\/product\/3528\/revisions\/12270"}],"wp:featuredmedia":[{"embeddable":true,"href":"https:\/\/www.francoise-nielly.com\/en\/wp-json\/wp\/v2\/media\/3530"}],"wp:attachment":[{"href":"https:\/\/www.francoise-nielly.com\/en\/wp-json\/wp\/v2\/media?parent=3528"}],"wp:term":[{"taxonomy":"product_brand","embeddable":true,"href":"https:\/\/www.francoise-nielly.com\/en\/wp-json\/wp\/v2\/product_brand?post=3528"},{"taxonomy":"product_cat","embeddable":true,"href":"https:\/\/www.francoise-nielly.com\/en\/wp-json\/wp\/v2\/product_cat?post=3528"},{"taxonomy":"product_tag","embeddable":true,"href":"https:\/\/www.francoise-nielly.com\/en\/wp-json\/wp\/v2\/product_tag?post=3528"}],"curies":[{"name":"wp","href":"https:\/\/api.w.org\/{rel}","templated":true}]}}