{"id":6131,"date":"2025-06-21T07:01:59","date_gmt":"2025-06-21T07:01:59","guid":{"rendered":"https:\/\/www.francoise-nielly.com\/?post_type=product&#038;p=6131"},"modified":"2025-07-17T05:26:41","modified_gmt":"2025-07-17T05:26:41","slug":"untitled-578-2","status":"publish","type":"product","link":"https:\/\/www.francoise-nielly.com\/en\/product\/untitled-578-2\/","title":{"rendered":"Untitled 578"},"content":{"rendered":"<p>Reproduction num\u00e9rique de la toile \u00ab\u00a0Untitled\u00a0578\u00a0\u00bb d&#8217;apr\u00e8s le tableau original de Fran\u00e7oise Nielly, par impression haute d\u00e9finition sur canvas.<\/p>\n<p>S\u00e9rie limit\u00e9e de 25 exemplaires par taille.<\/p>\n<p>Certificat d&#8217;authenticit\u00e9 sign\u00e9 par l&#8217;artiste Fran\u00e7oise Nielly.<\/p>\n<p>Livr\u00e9e roul\u00e9e dans un tube.<\/p>\n","protected":false},"excerpt":{"rendered":"<p>Reproduction num\u00e9rique de la toile \u00ab\u00a0Untitled\u00a0578\u00a0\u00bb d&#8217;apr\u00e8s le tableau original de Fran\u00e7oise Nielly, par impression haute d\u00e9finition sur canvas. S\u00e9rie limit\u00e9e de 25 exemplaires par taille. Certificat d&#8217;authenticit\u00e9 sign\u00e9 par l&#8217;artiste Fran\u00e7oise Nielly. Livr\u00e9e roul\u00e9e dans un tube.<\/p>\n","protected":false},"featured_media":6145,"template":"","meta":{"_acf_changed":false},"product_brand":[],"product_cat":[59,57],"product_tag":[],"class_list":{"0":"post-6131","1":"product","2":"type-product","3":"status-publish","4":"has-post-thumbnail","6":"product_cat-non-classe","7":"product_cat-reproduction","9":"first","10":"instock","11":"taxable","12":"shipping-taxable","13":"purchasable","14":"product-type-variable","15":"add-to-wishlist-before_image"},"acf":[],"jetpack_sharing_enabled":true,"_links":{"self":[{"href":"https:\/\/www.francoise-nielly.com\/en\/wp-json\/wp\/v2\/product\/6131","targetHints":{"allow":["GET"]}}],"collection":[{"href":"https:\/\/www.francoise-nielly.com\/en\/wp-json\/wp\/v2\/product"}],"about":[{"href":"https:\/\/www.francoise-nielly.com\/en\/wp-json\/wp\/v2\/types\/product"}],"version-history":[{"count":0,"href":"https:\/\/www.francoise-nielly.com\/en\/wp-json\/wp\/v2\/product\/6131\/revisions"}],"wp:featuredmedia":[{"embeddable":true,"href":"https:\/\/www.francoise-nielly.com\/en\/wp-json\/wp\/v2\/media\/6145"}],"wp:attachment":[{"href":"https:\/\/www.francoise-nielly.com\/en\/wp-json\/wp\/v2\/media?parent=6131"}],"wp:term":[{"taxonomy":"product_brand","embeddable":true,"href":"https:\/\/www.francoise-nielly.com\/en\/wp-json\/wp\/v2\/product_brand?post=6131"},{"taxonomy":"product_cat","embeddable":true,"href":"https:\/\/www.francoise-nielly.com\/en\/wp-json\/wp\/v2\/product_cat?post=6131"},{"taxonomy":"product_tag","embeddable":true,"href":"https:\/\/www.francoise-nielly.com\/en\/wp-json\/wp\/v2\/product_tag?post=6131"}],"curies":[{"name":"wp","href":"https:\/\/api.w.org\/{rel}","templated":true}]}}