{"id":7603,"date":"2025-06-24T02:37:01","date_gmt":"2025-06-24T02:37:01","guid":{"rendered":"https:\/\/www.francoise-nielly.com\/?post_type=product&#038;p=7603"},"modified":"2025-07-11T05:21:16","modified_gmt":"2025-07-11T05:21:16","slug":"untitled-791","status":"publish","type":"product","link":"https:\/\/www.francoise-nielly.com\/en\/product\/untitled-791\/","title":{"rendered":"Untitled 791"},"content":{"rendered":"<p>Reproduction num\u00e9rique de la toile \u00ab\u00a0Untitled 791 \u00bb d&#8217;apr\u00e8s le tableau original de Fran\u00e7oise Nielly, par impression haute d\u00e9finition sur canvas.<\/p>\n<p>S\u00e9rie limit\u00e9e de 25 exemplaires par taille.<\/p>\n<p>Certificat d&#8217;authenticit\u00e9 sign\u00e9 par l&#8217;artiste Fran\u00e7oise Nielly.<\/p>\n<p>Livr\u00e9e roul\u00e9e dans un tube.<\/p>\n","protected":false},"excerpt":{"rendered":"<p>Reproduction num\u00e9rique de la toile \u00ab\u00a0Untitled 791 \u00bb d&#8217;apr\u00e8s le tableau original de Fran\u00e7oise Nielly, par impression haute d\u00e9finition sur canvas. S\u00e9rie limit\u00e9e de 25 exemplaires par taille. Certificat d&#8217;authenticit\u00e9 sign\u00e9 par l&#8217;artiste Fran\u00e7oise Nielly. Livr\u00e9e roul\u00e9e dans un tube.<\/p>\n","protected":false},"featured_media":7608,"template":"","meta":{"_acf_changed":false},"product_brand":[],"product_cat":[57],"product_tag":[],"class_list":{"0":"post-7603","1":"product","2":"type-product","3":"status-publish","4":"has-post-thumbnail","6":"product_cat-reproduction","8":"first","9":"instock","10":"taxable","11":"shipping-taxable","12":"purchasable","13":"product-type-variable","14":"add-to-wishlist-before_image"},"acf":[],"jetpack_sharing_enabled":true,"_links":{"self":[{"href":"https:\/\/www.francoise-nielly.com\/en\/wp-json\/wp\/v2\/product\/7603","targetHints":{"allow":["GET"]}}],"collection":[{"href":"https:\/\/www.francoise-nielly.com\/en\/wp-json\/wp\/v2\/product"}],"about":[{"href":"https:\/\/www.francoise-nielly.com\/en\/wp-json\/wp\/v2\/types\/product"}],"version-history":[{"count":0,"href":"https:\/\/www.francoise-nielly.com\/en\/wp-json\/wp\/v2\/product\/7603\/revisions"}],"wp:featuredmedia":[{"embeddable":true,"href":"https:\/\/www.francoise-nielly.com\/en\/wp-json\/wp\/v2\/media\/7608"}],"wp:attachment":[{"href":"https:\/\/www.francoise-nielly.com\/en\/wp-json\/wp\/v2\/media?parent=7603"}],"wp:term":[{"taxonomy":"product_brand","embeddable":true,"href":"https:\/\/www.francoise-nielly.com\/en\/wp-json\/wp\/v2\/product_brand?post=7603"},{"taxonomy":"product_cat","embeddable":true,"href":"https:\/\/www.francoise-nielly.com\/en\/wp-json\/wp\/v2\/product_cat?post=7603"},{"taxonomy":"product_tag","embeddable":true,"href":"https:\/\/www.francoise-nielly.com\/en\/wp-json\/wp\/v2\/product_tag?post=7603"}],"curies":[{"name":"wp","href":"https:\/\/api.w.org\/{rel}","templated":true}]}}